{"id":2222,"date":"2024-11-11T18:20:02","date_gmt":"2024-11-11T18:20:02","guid":{"rendered":"https:\/\/vbta.wereldweb.be\/les-collections\/"},"modified":"2026-02-05T09:27:23","modified_gmt":"2026-02-05T09:27:23","slug":"les-collections","status":"publish","type":"page","link":"https:\/\/botanischetuinen.be\/fr\/les-collections\/","title":{"rendered":"Les collections"},"content":{"rendered":"\t\t<div data-elementor-type=\"wp-page\" data-elementor-id=\"2222\" class=\"elementor elementor-2222 elementor-1269\" data-elementor-post-type=\"page\">\n\t\t\t\t<div class=\"elementor-element elementor-element-ff41184 e-flex e-con-boxed e-con e-parent\" data-id=\"ff41184\" data-element_type=\"container\" data-e-type=\"container\" data-settings=\"{&quot;background_background&quot;:&quot;classic&quot;}\">\n\t\t\t\t\t<div class=\"e-con-inner\">\n\t\t<div class=\"elementor-element elementor-element-0f95c4a e-con-full e-flex e-con e-child\" data-id=\"0f95c4a\" data-element_type=\"container\" data-e-type=\"container\">\n\t\t\t\t<div class=\"elementor-element elementor-element-c0de286 elementor-widget-divider--view-line elementor-widget elementor-widget-divider\" data-id=\"c0de286\" data-element_type=\"widget\" data-e-type=\"widget\" data-widget_type=\"divider.default\">\n\t\t\t\t<div class=\"elementor-widget-container\">\n\t\t\t\t\t\t\t<div class=\"elementor-divider\">\n\t\t\t<span class=\"elementor-divider-separator\">\n\t\t\t\t\t\t<\/span>\n\t\t<\/div>\n\t\t\t\t\t\t<\/div>\n\t\t\t\t<\/div>\n\t\t\t\t<div class=\"elementor-element elementor-element-8ef6728 elementor-widget elementor-widget-heading\" data-id=\"8ef6728\" data-element_type=\"widget\" data-e-type=\"widget\" data-widget_type=\"heading.default\">\n\t\t\t\t<div class=\"elementor-widget-container\">\n\t\t\t\t\t<h1 class=\"elementor-heading-title elementor-size-default\">Les collections<\/h1>\t\t\t\t<\/div>\n\t\t\t\t<\/div>\n\t\t\t\t<\/div>\n\t\t<div class=\"elementor-element elementor-element-8b78738 e-con-full e-flex e-con e-child\" data-id=\"8b78738\" data-element_type=\"container\" data-e-type=\"container\">\n\t\t\t\t<\/div>\n\t\t\t\t\t<\/div>\n\t\t\t\t<\/div>\n\t\t<div class=\"elementor-element elementor-element-5a82b0c e-flex e-con-boxed e-con e-parent\" data-id=\"5a82b0c\" data-element_type=\"container\" data-e-type=\"container\">\n\t\t\t\t\t<div class=\"e-con-inner\">\n\t\t\t\t<div class=\"elementor-element elementor-element-d627f23 elementor-widget elementor-widget-button\" data-id=\"d627f23\" data-element_type=\"widget\" data-e-type=\"widget\" data-widget_type=\"button.default\">\n\t\t\t\t<div class=\"elementor-widget-container\">\n\t\t\t\t\t\t\t\t\t<div class=\"elementor-button-wrapper\">\n\t\t\t\t\t<a class=\"elementor-button elementor-button-link elementor-size-sm\" href=\"https:\/\/www.botanicalcollections.be\/\" target=\"_blank\">\n\t\t\t\t\t\t<span class=\"elementor-button-content-wrapper\">\n\t\t\t\t\t\t\t\t\t<span class=\"elementor-button-text\">Consultez les collections v\u00e9g\u00e9tales sur BOTANICALCOLLECTIONS.BE<\/span>\n\t\t\t\t\t<\/span>\n\t\t\t\t\t<\/a>\n\t\t\t\t<\/div>\n\t\t\t\t\t\t\t\t<\/div>\n\t\t\t\t<\/div>\n\t\t\t\t<div class=\"elementor-element elementor-element-44aa8aa elementor-widget elementor-widget-text-editor\" data-id=\"44aa8aa\" data-element_type=\"widget\" data-e-type=\"widget\" data-widget_type=\"text-editor.default\">\n\t\t\t\t<div class=\"elementor-widget-container\">\n\t\t\t\t\t\t\t\t\t<p>Notre pays compte 28 jardins botaniques et arboretums, 28 joyaux de jardins, chacun ch\u00e9rissant sa propre collection de plantes, mais l&rsquo;expression souvent r\u00e9p\u00e9t\u00e9e \u00ab\u00a0L&rsquo;union fait la force\u00a0\u00bb peut certainement s&rsquo;appliquer ici aussi. Tous ces jardins abritent pas moins de 83 000 plantes appartenant \u00e0 25 000 esp\u00e8ces et vari\u00e9t\u00e9s diff\u00e9rentes, bien document\u00e9es et donc inestimables pour la recherche, l&rsquo;horticulture, le tourisme vert et la pr\u00e9servation des esp\u00e8ces v\u00e9g\u00e9tales pour le futur. L&rsquo;objectif de <a href=\"https:\/\/www.botanicalcollections.be\/#\/nl\/home\" target=\"_blank\" rel=\"noopener\">botanicalcollections.be<\/a> est de rassembler ces collections sur une plateforme claire et accessible \u00e0 tous.<\/p><p>Les jardins botaniques sont souvent interrog\u00e9s sur la pr\u00e9sence ou non d&rsquo;une esp\u00e8ce v\u00e9g\u00e9tale particuli\u00e8re dans leurs collections. \u00c0 partir d&rsquo;aujourd&rsquo;hui, tout amateur de plantes peut d\u00e9couvrir en quelques clics o\u00f9 pousse sa plante pr\u00e9f\u00e9r\u00e9e dans les collections. Par exemple, vous voulez savoir o\u00f9 l&rsquo;on peut admirer des s\u00e9quoias g\u00e9ants dans notre pays ? Ou le rare <em>Wollemia nobilis<\/em>? Entrez un nom de plante sur <a href=\"https:\/\/www.botanicalcollections.be\/#\/nl\/home\" target=\"_blank\" rel=\"noopener\">botanicalcollections.be<\/a> et voyez dans quel jardin botanique ou arboretum vous pouvez le d\u00e9couvrir. En fonction du jardin, et de la taille de celui-ci ou de l&rsquo;arboretum, des informations sont \u00e9galement disponibles sur l&rsquo;endroit pr\u00e9cis o\u00f9 se trouve la plante dans le jardin en question. En outre, de nombreux \u00e9l\u00e9ments visuels sont disponibles, ce qui permet de voir rapidement de quelle plante il s&rsquo;agit.<br \/>Outre les informations et la localisation des plantes vivantes, botanicalcollections.be pr\u00e9sente \u00e9galement des scans de pr\u00e8s de 3 millions de sp\u00e9cimens d&rsquo;herbiers, un travail en cours qui vise \u00e9galement \u00e0 rassembler les diff\u00e9rents herbiers du pays sur une seule plateforme. Les herbiers sont des collections de plantes s\u00e9ch\u00e9es destin\u00e9es \u00e0 la recherche scientifique. <a href=\"https:\/\/www.botanicalcollections.be\/#\/nl\/home\" target=\"_blank\" rel=\"noopener\">Botanicalcollections.be<\/a> permet ainsi aux scientifiques de consulter en ligne le mat\u00e9riel d&rsquo;\u00e9tude.<\/p><p>Rassembler toutes les donn\u00e9es de plusieurs jardins botaniques et arboretums d&rsquo;un pays sur un m\u00eame portail est une premi\u00e8re mondiale. V.B.T.A., l&rsquo;Association des Jardins Botaniques et Arboretums de notre pays est donc fi\u00e8re de cette r\u00e9alisation, qui a vu le jour avec le soutien du FWO (Fonds Wetenschappelijk Onderzoek &#8211; Vlaanderen) dans le cadre du projet DISSCo-Flanders (Distributed System of Scientific Collections). Ce projet s&rsquo;inscrit dans une<br \/>d\u00e9marche internationale visant \u00e0 mettre des donn\u00e9es importantes et bien document\u00e9es \u00e0 la disposition de tous ceux qui en ont besoin.<\/p><p>Cette nouvelle plateforme succ\u00e8de \u00e0 la plateforme PLANTCOL qui a vu le jour en 2003, o\u00f9 neuf membres de la V.B.T.A. ont rendu leur base de donn\u00e9es de plantes vivantes consultable sur un seul site web.<\/p>\t\t\t\t\t\t\t\t<\/div>\n\t\t\t\t<\/div>\n\t\t\t\t\t<\/div>\n\t\t\t\t<\/div>\n\t\t\t\t<\/div>\n\t\t","protected":false},"excerpt":{"rendered":"<p>Les collections Consultez les collections v\u00e9g\u00e9tales sur BOTANICALCOLLECTIONS.BE Notre pays compte 28 jardins botaniques et arboretums, 28 joyaux de jardins, chacun ch\u00e9rissant sa propre collection de plantes, mais l&rsquo;expression souvent r\u00e9p\u00e9t\u00e9e \u00ab\u00a0L&rsquo;union fait la force\u00a0\u00bb peut certainement s&rsquo;appliquer ici aussi. Tous ces jardins abritent pas moins de 83 000 plantes appartenant \u00e0 25 000 esp\u00e8ces [&hellip;]<\/p>\n","protected":false},"author":1,"featured_media":0,"parent":0,"menu_order":0,"comment_status":"closed","ping_status":"closed","template":"","meta":{"_acf_changed":false,"site-sidebar-layout":"no-sidebar","site-content-layout":"page-builder","ast-site-content-layout":"full-width-container","site-content-style":"unboxed","site-sidebar-style":"unboxed","ast-global-header-display":"","ast-banner-title-visibility":"","ast-main-header-display":"","ast-hfb-above-header-display":"","ast-hfb-below-header-display":"","ast-hfb-mobile-header-display":"","site-post-title":"disabled","ast-breadcrumbs-content":"","ast-featured-img":"disabled","footer-sml-layout":"","ast-disable-related-posts":"","theme-transparent-header-meta":"enabled","adv-header-id-meta":"","stick-header-meta":"","header-above-stick-meta":"","header-main-stick-meta":"","header-below-stick-meta":"","astra-migrate-meta-layouts":"default","ast-page-background-enabled":"default","ast-page-background-meta":{"desktop":{"background-color":"","background-image":"","background-repeat":"repeat","background-position":"center center","background-size":"auto","background-attachment":"scroll","background-type":"","background-media":"","overlay-type":"","overlay-color":"","overlay-opacity":"","overlay-gradient":""},"tablet":{"background-color":"","background-image":"","background-repeat":"repeat","background-position":"center center","background-size":"auto","background-attachment":"scroll","background-type":"","background-media":"","overlay-type":"","overlay-color":"","overlay-opacity":"","overlay-gradient":""},"mobile":{"background-color":"","background-image":"","background-repeat":"repeat","background-position":"center center","background-size":"auto","background-attachment":"scroll","background-type":"","background-media":"","overlay-type":"","overlay-color":"","overlay-opacity":"","overlay-gradient":""}},"ast-content-background-meta":{"desktop":{"background-color":"var(--ast-global-color-5)","background-image":"","background-repeat":"repeat","background-position":"center center","background-size":"auto","background-attachment":"scroll","background-type":"","background-media":"","overlay-type":"","overlay-color":"","overlay-opacity":"","overlay-gradient":""},"tablet":{"background-color":"var(--ast-global-color-5)","background-image":"","background-repeat":"repeat","background-position":"center center","background-size":"auto","background-attachment":"scroll","background-type":"","background-media":"","overlay-type":"","overlay-color":"","overlay-opacity":"","overlay-gradient":""},"mobile":{"background-color":"var(--ast-global-color-5)","background-image":"","background-repeat":"repeat","background-position":"center center","background-size":"auto","background-attachment":"scroll","background-type":"","background-media":"","overlay-type":"","overlay-color":"","overlay-opacity":"","overlay-gradient":""}},"footnotes":""},"class_list":["post-2222","page","type-page","status-publish","hentry"],"acf":[],"_links":{"self":[{"href":"https:\/\/botanischetuinen.be\/fr\/wp-json\/wp\/v2\/pages\/2222","targetHints":{"allow":["GET"]}}],"collection":[{"href":"https:\/\/botanischetuinen.be\/fr\/wp-json\/wp\/v2\/pages"}],"about":[{"href":"https:\/\/botanischetuinen.be\/fr\/wp-json\/wp\/v2\/types\/page"}],"author":[{"embeddable":true,"href":"https:\/\/botanischetuinen.be\/fr\/wp-json\/wp\/v2\/users\/1"}],"replies":[{"embeddable":true,"href":"https:\/\/botanischetuinen.be\/fr\/wp-json\/wp\/v2\/comments?post=2222"}],"version-history":[{"count":22,"href":"https:\/\/botanischetuinen.be\/fr\/wp-json\/wp\/v2\/pages\/2222\/revisions"}],"predecessor-version":[{"id":3382,"href":"https:\/\/botanischetuinen.be\/fr\/wp-json\/wp\/v2\/pages\/2222\/revisions\/3382"}],"wp:attachment":[{"href":"https:\/\/botanischetuinen.be\/fr\/wp-json\/wp\/v2\/media?parent=2222"}],"curies":[{"name":"wp","href":"https:\/\/api.w.org\/{rel}","templated":true}]}}